{"id":24,"date":"2020-09-08T06:10:27","date_gmt":"2020-09-08T09:10:27","guid":{"rendered":"https:\/\/hunas.art.br\/?page_id=24"},"modified":"2020-10-11T00:56:43","modified_gmt":"2020-10-11T03:56:43","slug":"assim-comecou-a-nossa-historia","status":"publish","type":"page","link":"https:\/\/hunas.art.br\/?page_id=24","title":{"rendered":"ASSIM COME\u00c7OU A NOSSA HIST\u00d3RIA&#8230;"},"content":{"rendered":"\n<p>Sou brasileira\u2026 sou do mundo.. alma, pensamento e cora\u00e7\u00e3o!<\/p>\n\n\n\n<p><em>Et voil\u00e0<\/em>\u2026criei a HUNAS, uma marca de acess\u00f3rios baseada no <em>handmad<\/em>e, onde cada pe\u00e7a \u00e9 criada e executada minuciosamente por minhas pr\u00f3prias m\u00e3os artes\u00e3s, com princ\u00edpios humanos, sustent\u00e1veis e ecol\u00f3gicos que resultam em sua singularidade e capacidade de transmitir a ess\u00eancia e a emo\u00e7\u00e3o de quem ama o que faz.<\/p>\n\n\n\n<p>HUNAS Artes e Acess\u00f3rios surgiu em um momento desafiador da minha exist\u00eancia e do mundo \u2026 sob a \u00f3ptica dos anos de vida, minha juventude j\u00e1 ficou l\u00e1 atr\u00e1s, muito embora eu ainda sinta muito forte a sua presen\u00e7a \u2026 a minha \u201ccrian\u00e7a interior\u201d, aquela que todos temos, ainda brinca, ri e chora!!<\/p>\n\n\n\n<p>Pelo mundo, guerras, ecossistema em desequil\u00edbrio, meio ambiente muito machucado gritando por socorro e o ser humano cada vez menos \u201chumano\u201d, menos espiritual , entre v\u00e1rios outros desafios a vencer!<\/p>\n\n\n\n<p>O desejo de unir trabalho e potencial de criatividade come\u00e7ou a falar mais alto dentro de mim, entre outros fatores humanos\u2026 Entendi que uma maneira de causar mudan\u00e7as em diferentes espa\u00e7os \u00e9 colocar seus prop\u00f3sitos em pratica e dividi-los com outras pessoas em um esp\u00edrito de generosidade, coletividade, respeito e Amor!<\/p>\n\n\n\n<p>Sempre acreditei que tudo \u00e9 poss\u00edvel para aquele que acredita que assim \u00e9 \u2026 sou dessas pessoas!<\/p>\n\n\n\n<p>Acredito em uma moda diferente, uma moda focada em quem produz, e que concentra seus esfor\u00e7os em questionar, repensar, refletir e tomar decis\u00f5es levando em considera\u00e7\u00e3o um coletivo\u2026. Uma moda que se sustenta em um futuro de confian\u00e7a, parceria e colabora\u00e7\u00e3o muito mais do que em disputas e competitividade.<\/p>\n\n\n\n<p>Acredito na import\u00e2ncia do criar, inventar, re-inventar e sair do pensamento!<\/p>\n\n\n\n<p>Acredito na potencia do afeto e das cores\u2026 no Amor depositado em cada etapa das minhas a\u00e7\u00f5es!<\/p>\n\n\n\n<p>Acredito que a vida \u00e9 tudo isso, por isso que ela \u00e9 viva!!<\/p>\n\n\n\n<p>Assim, acreditei no meu antigo sonho, fui e fiz !!<\/p>\n\n\n\n<p>Os primeiros passos da HUNAS foram eu mostrando minhas cria\u00e7\u00f5es para as amigas\u2026 depois, uma amiga na altura, propriet\u00e1ria de uma loja feminina muito bacana da minha cidade, topou ser ponto de venda dos acess\u00f3rios HUNAS e, carinhosamente, ela os expunha nos manequins e vitrines de sua loja, fazia composi\u00e7\u00f5es com looks que montava e divulgava em suas midias sociais, tudo bastante pessoal e artesanal, feito por ela mesma e, a marca caiu no gosto das mulheres \u2026 ganhamos corpo, crescemos e fomos nos fortalecendo com a aprecia\u00e7\u00e3o das pessoas!<\/p>\n\n\n\n<p>Outras lojas parceiras vieram a ter em seus espa\u00e7os os produtos e acess\u00f3rios <em>by<\/em> HUNAS que tamb\u00e9m come\u00e7ou a participar de feiras e bazares com muita frequ\u00eancia e o meu velho sonho se tornou a minha nova realidade\u2026 minhas cria\u00e7\u00f5es, \u00fanicas em sua composi\u00e7\u00e3o e ess\u00eancia, ganhavam rapidinho \u201cnovas donas\u201d que, mais do que clientes, se tornaram minhas importantes referencias e incentivos.<\/p>\n\n\n\n<p>Fiz novas amizades\u2026 tive sucessos\u2026 tombos e alegrias\u2026 surpresas boas e algumas nem t\u00e3o boas assim!<\/p>\n\n\n\n<p>Hoje, junto comigo, somos muitos parceiros, infinitos amigos que conhecem cada parte da minha historia, que se entrela\u00e7a com a historia de outras marcas que admiro.<\/p>\n\n\n\n<p>A somat\u00f3ria de tudo isso faz com que a exist\u00eancia da HUNAS Acess\u00f3rios siga baseada na for\u00e7a cultural, na qualidade, no respeito e no Amor, importantes alicerces respons\u00e1veis para que cada pe\u00e7a elaborada tenha identidade, valor, prop\u00f3sito e afetividade.<\/p>\n\n\n\n<p>Os acess\u00f3rios Hunas s\u00e3o pe\u00e7as que discutem a pot\u00eancia e a pluralidade do elemento natural, trazendo reflex\u00f5es quanto \u00e0 for\u00e7a, espiritualidade e beleza que representam sobre os corpos femininos. Representam uma forma de comunica\u00e7\u00e3o subjetiva para a mulher moderna em seu tempo!<\/p>\n\n\n\n<p>E \u00e9 com essa maneira de ser e pensar que cada produto com a assinatura HUNAS \u00e9 desenvolvido em meio a um <em>mix<\/em> infinito de mat\u00e9rias, cord\u00f5es, fios, vegeta\u00e7\u00e3o entre outros variados produtos da natureza, respeitando princ\u00edpios gerais de sustentabilidade e humanidade.<\/p>\n\n\n\n<p><br>A Hunas Acess\u00f3rios busca manter uma identidade \u00fanica e vers\u00e1til, baseada na uni\u00e3o de ideias, acertos e de refer\u00eancias, que trilham na estrada do <em>slow fashion<\/em>.<\/p>\n\n\n\n<p>Tudo isso est\u00e1 sendo muito importante para esta caminhada\u2026 um crescimento de maneira t\u00e3o org\u00e2nica, l\u00f3gica e magica ao mesmo tempo!<\/p>\n\n\n\n<p>Helena Gomes<\/p>\n","protected":false},"excerpt":{"rendered":"<p>Sou brasileira\u2026 sou do mundo.. alma, pensamento e cora\u00e7\u00e3o! Et voil\u00e0\u2026criei a HUNAS, uma marca de acess\u00f3rios baseada no handmade, onde cada pe\u00e7a \u00e9 criada e executada minuciosamente por minhas pr\u00f3prias m\u00e3os artes\u00e3s, com princ\u00edpios humanos, sustent\u00e1veis e ecol\u00f3gicos que &hellip; <a href=\"https:\/\/hunas.art.br\/?page_id=24\">Continue lendo <span class=\"meta-nav\">&rarr;<\/span><\/a><\/p>\n","protected":false},"author":1,"featured_media":0,"parent":0,"menu_order":0,"comment_status":"closed","ping_status":"closed","template":"","meta":{"footnotes":""},"class_list":["post-24","page","type-page","status-publish","hentry"],"aioseo_notices":[],"jetpack_sharing_enabled":true,"_links":{"self":[{"href":"https:\/\/hunas.art.br\/index.php?rest_route=\/wp\/v2\/pages\/24","targetHints":{"allow":["GET"]}}],"collection":[{"href":"https:\/\/hunas.art.br\/index.php?rest_route=\/wp\/v2\/pages"}],"about":[{"href":"https:\/\/hunas.art.br\/index.php?rest_route=\/wp\/v2\/types\/page"}],"author":[{"embeddable":true,"href":"https:\/\/hunas.art.br\/index.php?rest_route=\/wp\/v2\/users\/1"}],"replies":[{"embeddable":true,"href":"https:\/\/hunas.art.br\/index.php?rest_route=%2Fwp%2Fv2%2Fcomments&post=24"}],"version-history":[{"count":3,"href":"https:\/\/hunas.art.br\/index.php?rest_route=\/wp\/v2\/pages\/24\/revisions"}],"predecessor-version":[{"id":142,"href":"https:\/\/hunas.art.br\/index.php?rest_route=\/wp\/v2\/pages\/24\/revisions\/142"}],"wp:attachment":[{"href":"https:\/\/hunas.art.br\/index.php?rest_route=%2Fwp%2Fv2%2Fmedia&parent=24"}],"curies":[{"name":"wp","href":"https:\/\/api.w.org\/{rel}","templated":true}]}}